{"id":98,"date":"2015-02-21T11:09:47","date_gmt":"2015-02-21T16:09:47","guid":{"rendered":"http:\/\/www.senscrea.com\/?page_id=98"},"modified":"2016-11-12T14:50:29","modified_gmt":"2016-11-12T19:50:29","slug":"dessin","status":"publish","type":"page","link":"https:\/\/www.senscrea.com\/?page_id=98","title":{"rendered":"Graphisme"},"content":{"rendered":"<h2 class=\"western\"><strong><span style=\"font-size: x-large;\">Le graphisme ou l&rsquo;art d&rsquo;\u00e9duquer le regard et la main<br \/>\n<\/span><\/strong><\/h2>\n<h2 class=\"western\"><strong><span style=\"font-size: x-large;\">Pour d\u00e9couvrir, tracer et <\/span><\/strong><strong><span style=\"font-size: x-large;\">c<\/span><\/strong><strong><span style=\"font-size: x-large;\">r\u00e9er des formes <\/span><\/strong><\/h2>\n<p>D\u2019un point de vue \u00e9tymologique, le mot graphisme vient du grec graphein qui signifie \u00e9crire. Et plus concr\u00e8tement : laisser une trace. Le graphisme s\u2019inscrit dans une logique de communication et d\u2019expression de soi. Il permet la prise de conscience de l\u2019espace, de reconnaitre les limites, de d\u00e9couvrir l\u2019organisation graphique, d\u00b4\u00e9duquer le geste et le regard.<\/p>\n<p>Source : <a href=\"http:\/\/www.crdp-strasbourg.fr\/experience\/fruits\/gra_ecr.htm\">http:\/\/www.crdp-strasbourg.fr\/experience\/fruits\/gra_ecr.htm<\/a><\/p>\n<p>&nbsp;<\/p>\n<p><a href=\"http:\/\/www.senscrea.com\/wp-content\/uploads\/2015\/02\/DSC01586.jpg\" rel=\"attachment wp-att-6\"><img loading=\"lazy\" decoding=\"async\" class=\"alignnone size-thumbnail wp-image-6\" src=\"http:\/\/www.senscrea.com\/wp-content\/uploads\/2015\/02\/DSC01586-150x150.jpg\" alt=\"DSC01586\" width=\"150\" height=\"150\" srcset=\"https:\/\/www.senscrea.com\/wp-content\/uploads\/2015\/02\/DSC01586-150x150.jpg 150w, https:\/\/www.senscrea.com\/wp-content\/uploads\/2015\/02\/DSC01586-90x90.jpg 90w, https:\/\/www.senscrea.com\/wp-content\/uploads\/2015\/02\/DSC01586-75x75.jpg 75w\" sizes=\"auto, (max-width: 150px) 100vw, 150px\" \/><\/a> <a href=\"http:\/\/www.senscrea.com\/wp-content\/uploads\/2015\/02\/jardinfleuri.jpg\" rel=\"attachment wp-att-221\"><img loading=\"lazy\" decoding=\"async\" class=\"alignnone size-thumbnail wp-image-221\" src=\"http:\/\/www.senscrea.com\/wp-content\/uploads\/2015\/02\/jardinfleuri-150x150.jpg\" alt=\"jardinfleuri\" width=\"150\" height=\"150\" \/><\/a> <a href=\"http:\/\/www.senscrea.com\/wp-content\/uploads\/2015\/02\/alphabet.jpg\" rel=\"attachment wp-att-224\"><img loading=\"lazy\" decoding=\"async\" class=\"alignnone size-thumbnail wp-image-224\" src=\"http:\/\/www.senscrea.com\/wp-content\/uploads\/2015\/02\/alphabet-150x150.jpg\" alt=\"alphabet\" width=\"150\" height=\"150\" \/><\/a> <a href=\"http:\/\/www.senscrea.com\/wp-content\/uploads\/2015\/02\/20151002_122515.jpg\" rel=\"attachment wp-att-608\"><img loading=\"lazy\" decoding=\"async\" class=\"alignnone size-thumbnail wp-image-608\" src=\"http:\/\/www.senscrea.com\/wp-content\/uploads\/2015\/02\/20151002_122515-150x150.jpg\" alt=\"20151002_122515\" width=\"150\" height=\"150\" \/><\/a> <a href=\"http:\/\/www.senscrea.com\/wp-content\/uploads\/2015\/02\/DSC00838.jpg\" rel=\"attachment wp-att-629\"><img loading=\"lazy\" decoding=\"async\" class=\"alignnone size-thumbnail wp-image-629\" src=\"http:\/\/www.senscrea.com\/wp-content\/uploads\/2015\/02\/DSC00838-150x150.jpg\" alt=\"DSC00838\" width=\"150\" height=\"150\" \/><\/a><a href=\"http:\/\/www.senscrea.com\/wp-content\/uploads\/2015\/02\/transformation.jpg\" rel=\"attachment wp-att-75\"><img loading=\"lazy\" decoding=\"async\" class=\"alignnone size-thumbnail wp-image-75\" src=\"http:\/\/www.senscrea.com\/wp-content\/uploads\/2015\/02\/transformation-150x150.jpg\" alt=\"transcendance\" width=\"150\" height=\"150\" srcset=\"https:\/\/www.senscrea.com\/wp-content\/uploads\/2015\/02\/transformation-150x150.jpg 150w, https:\/\/www.senscrea.com\/wp-content\/uploads\/2015\/02\/transformation-90x90.jpg 90w, https:\/\/www.senscrea.com\/wp-content\/uploads\/2015\/02\/transformation-75x75.jpg 75w\" sizes=\"auto, (max-width: 150px) 100vw, 150px\" \/><\/a><\/p>\n<div id=\"attachment_271\" style=\"width: 150px\" class=\"wp-caption alignleft\"><a href=\"http:\/\/www.senscrea.com\/wp-content\/uploads\/2015\/02\/realisationcfsl1.jpg\"><img loading=\"lazy\" decoding=\"async\" aria-describedby=\"caption-attachment-271\" class=\"wp-image-271 size-thumbnail\" src=\"http:\/\/www.senscrea.com\/wp-content\/uploads\/2015\/02\/realisationcfsl1-150x150.jpg\" alt=\"\" width=\"150\" height=\"150\" \/><\/a><p id=\"caption-attachment-271\" class=\"wp-caption-text\">Graphismes, encre, Marie-France CFSL 2015<\/p><\/div>\n<div id=\"attachment_272\" style=\"width: 150px\" class=\"wp-caption alignleft\"><a href=\"http:\/\/www.senscrea.com\/wp-content\/uploads\/2015\/02\/realisationcfsl2-e1426036904600.jpg\"><img loading=\"lazy\" decoding=\"async\" aria-describedby=\"caption-attachment-272\" class=\"wp-image-272 size-thumbnail\" src=\"http:\/\/www.senscrea.com\/wp-content\/uploads\/2015\/02\/realisationcfsl2-e1426036904600-150x150.jpg\" alt=\"realisationcfsl2\" width=\"150\" height=\"150\" \/><\/a><p id=\"caption-attachment-272\" class=\"wp-caption-text\">Dessin, graphite et encre, Ketly CFSL 2015<\/p><\/div>\n<div id=\"attachment_226\" style=\"width: 150px\" class=\"wp-caption alignleft\"><a href=\"http:\/\/www.senscrea.com\/wp-content\/uploads\/2015\/02\/graffiti.jpg\"><img loading=\"lazy\" decoding=\"async\" aria-describedby=\"caption-attachment-226\" class=\"wp-image-226 size-thumbnail\" src=\"http:\/\/www.senscrea.com\/wp-content\/uploads\/2015\/02\/graffiti-150x150.jpg\" alt=\"graffiti\" width=\"150\" height=\"150\" \/><\/a><p id=\"caption-attachment-226\" class=\"wp-caption-text\">Graffiti, encre<\/p><\/div>\n","protected":false},"excerpt":{"rendered":"<p>Le graphisme ou l&rsquo;art d&rsquo;\u00e9duquer le regard et la main Pour d\u00e9couvrir, tracer et cr\u00e9er des formes D\u2019un point de vue \u00e9tymologique, le mot graphisme vient du grec graphein qui signifie \u00e9crire. Et plus concr\u00e8tement : laisser une trace. Le graphisme s\u2019inscrit dans une logique de communication et d\u2019expression de soi. Il permet la prise &hellip; <\/p>\n<p><a class=\"more-link btn\" href=\"https:\/\/www.senscrea.com\/?page_id=98\">Continue reading<\/a><\/p>\n","protected":false},"author":2,"featured_media":275,"parent":28,"menu_order":2,"comment_status":"open","ping_status":"open","template":"","meta":{"footnotes":""},"class_list":["post-98","page","type-page","status-publish","has-post-thumbnail","hentry","nodate","item-wrap"],"_links":{"self":[{"href":"https:\/\/www.senscrea.com\/index.php?rest_route=\/wp\/v2\/pages\/98","targetHints":{"allow":["GET"]}}],"collection":[{"href":"https:\/\/www.senscrea.com\/index.php?rest_route=\/wp\/v2\/pages"}],"about":[{"href":"https:\/\/www.senscrea.com\/index.php?rest_route=\/wp\/v2\/types\/page"}],"author":[{"embeddable":true,"href":"https:\/\/www.senscrea.com\/index.php?rest_route=\/wp\/v2\/users\/2"}],"replies":[{"embeddable":true,"href":"https:\/\/www.senscrea.com\/index.php?rest_route=%2Fwp%2Fv2%2Fcomments&post=98"}],"version-history":[{"count":26,"href":"https:\/\/www.senscrea.com\/index.php?rest_route=\/wp\/v2\/pages\/98\/revisions"}],"predecessor-version":[{"id":839,"href":"https:\/\/www.senscrea.com\/index.php?rest_route=\/wp\/v2\/pages\/98\/revisions\/839"}],"up":[{"embeddable":true,"href":"https:\/\/www.senscrea.com\/index.php?rest_route=\/wp\/v2\/pages\/28"}],"wp:featuredmedia":[{"embeddable":true,"href":"https:\/\/www.senscrea.com\/index.php?rest_route=\/wp\/v2\/media\/275"}],"wp:attachment":[{"href":"https:\/\/www.senscrea.com\/index.php?rest_route=%2Fwp%2Fv2%2Fmedia&parent=98"}],"curies":[{"name":"wp","href":"https:\/\/api.w.org\/{rel}","templated":true}]}}