{"id":96,"date":"2015-02-21T11:11:52","date_gmt":"2015-02-21T16:11:52","guid":{"rendered":"http:\/\/www.senscrea.com\/?page_id=96"},"modified":"2016-02-05T22:32:35","modified_gmt":"2016-02-06T03:32:35","slug":"sculpture","status":"publish","type":"page","link":"https:\/\/www.senscrea.com\/?page_id=96","title":{"rendered":"SCULPTURES"},"content":{"rendered":"<p><strong>TECHNIQUE DES BANDES DE PL\u00c2TRES<\/strong><\/p>\n<p><strong>LES MAINS EXPRESSIVES<\/strong><\/p>\n<p class=\"western\" lang=\"fr-CA\">Approche de la sculpture et des notions de bases de la couleur<\/p>\n<p class=\"western\" lang=\"fr-CA\">Exploration de la technique des m\u00e9langes de couleurs.<\/p>\n<p class=\"western\" lang=\"fr-CA\">Explorer la technique des bandes pl\u00e2tr\u00e9es<\/p>\n<p class=\"western\" lang=\"fr-CA\">Utiliser la main comme outil plastique \u00e0 travers un projet de groupe.<\/p>\n<p class=\"western\" lang=\"fr-CA\"><span style=\"font-size: small;\"><u>Axe de D\u00e9veloppement : conscience de soi et de son environnement<\/u><\/span><\/p>\n<p class=\"western\" lang=\"fr-CA\">D\u00e9velopper les habilit\u00e9s sociales (collectif), pratiques (dext\u00e9rit\u00e9 fine) et conceptuelles (recherches, id\u00e9es cr\u00e9atives) \u00e0 travers la cr\u00e9ation d\u00b4une \u0153uvre en bas relief.<\/p>\n<p>\u00a0<a href=\"http:\/\/www.senscrea.com\/wp-content\/uploads\/2015\/02\/20150514_144607.jpg\"><img loading=\"lazy\" decoding=\"async\" class=\"alignnone size-thumbnail wp-image-591\" src=\"http:\/\/www.senscrea.com\/wp-content\/uploads\/2015\/02\/20150514_144607-150x150.jpg\" alt=\"20150514_144607\" width=\"150\" height=\"150\" \/><\/a>\u00a0 \u00a0 <a href=\"http:\/\/www.senscrea.com\/wp-content\/uploads\/2015\/02\/20150514_141155.jpg\"><img loading=\"lazy\" decoding=\"async\" class=\"alignnone size-thumbnail wp-image-590\" src=\"http:\/\/www.senscrea.com\/wp-content\/uploads\/2015\/02\/20150514_141155-150x150.jpg\" alt=\"20150514_141155\" width=\"150\" height=\"150\" \/><\/a>\u00a0\u00a0 <a href=\"http:\/\/www.senscrea.com\/wp-content\/uploads\/2015\/02\/20150521_143801.jpg\"><img loading=\"lazy\" decoding=\"async\" class=\"alignnone size-thumbnail wp-image-595\" src=\"http:\/\/www.senscrea.com\/wp-content\/uploads\/2015\/02\/20150521_143801-150x150.jpg\" alt=\"20150521_143801\" width=\"150\" height=\"150\" \/><\/a><a href=\"http:\/\/www.senscrea.com\/wp-content\/uploads\/2015\/02\/20150528_144226-e1454729458297.jpg\" rel=\"attachment wp-att-554\"><img loading=\"lazy\" decoding=\"async\" class=\"alignnone wp-image-554 size-thumbnail\" src=\"http:\/\/www.senscrea.com\/wp-content\/uploads\/2015\/02\/20150528_144226-e1454729458297-150x150.jpg\" alt=\"\" width=\"150\" height=\"150\" \/><\/a><a href=\"http:\/\/www.senscrea.com\/wp-content\/uploads\/2015\/02\/20150618_130958.jpg\"><img loading=\"lazy\" decoding=\"async\" class=\"alignnone size-thumbnail wp-image-601\" src=\"http:\/\/www.senscrea.com\/wp-content\/uploads\/2015\/02\/20150618_130958-150x150.jpg\" alt=\"20150618_130958\" width=\"150\" height=\"150\" \/><\/a><a href=\"http:\/\/www.senscrea.com\/wp-content\/uploads\/2015\/02\/20150618_130846.jpg\"><img loading=\"lazy\" decoding=\"async\" class=\"alignnone size-thumbnail wp-image-599\" src=\"http:\/\/www.senscrea.com\/wp-content\/uploads\/2015\/02\/20150618_130846-150x150.jpg\" alt=\"20150618_130846\" width=\"150\" height=\"150\" \/><\/a><a href=\"http:\/\/www.senscrea.com\/wp-content\/uploads\/2015\/02\/20150618_151329.jpg\"><img loading=\"lazy\" decoding=\"async\" class=\"alignnone size-thumbnail wp-image-603\" src=\"http:\/\/www.senscrea.com\/wp-content\/uploads\/2015\/02\/20150618_151329-150x150.jpg\" alt=\"20150618_151329\" width=\"150\" height=\"150\" \/><\/a><\/p>\n<p><a href=\"http:\/\/www.senscrea.com\/wp-content\/uploads\/2015\/02\/DSC00970.jpg\" rel=\"attachment wp-att-423\"><img loading=\"lazy\" decoding=\"async\" class=\"alignnone wp-image-423 size-thumbnail\" src=\"http:\/\/www.senscrea.com\/wp-content\/uploads\/2015\/02\/DSC00970-150x150.jpg\" alt=\"\" width=\"150\" height=\"150\" \/><\/a><\/p>\n<p><a href=\"http:\/\/www.senscrea.com\/wp-content\/uploads\/2015\/02\/DSC01017.jpg\" rel=\"attachment wp-att-422\"><img loading=\"lazy\" decoding=\"async\" class=\"alignnone wp-image-422 size-medium\" src=\"http:\/\/www.senscrea.com\/wp-content\/uploads\/2015\/02\/DSC01017-e1454727670119-300x227.jpg\" alt=\"DSC01017\" width=\"300\" height=\"227\" srcset=\"https:\/\/www.senscrea.com\/wp-content\/uploads\/2015\/02\/DSC01017-e1454727670119-300x227.jpg 300w, https:\/\/www.senscrea.com\/wp-content\/uploads\/2015\/02\/DSC01017-e1454727670119-1024x773.jpg 1024w, https:\/\/www.senscrea.com\/wp-content\/uploads\/2015\/02\/DSC01017-e1454727670119-768x580.jpg 768w\" sizes=\"auto, (max-width: 300px) 100vw, 300px\" \/><\/a><\/p>\n<hr \/>\n<p>&nbsp;<\/p>\n<p><strong>SCULPTURE INSPIR\u00c9E DES NANAS DE NIKI DE ST PHALLE<\/strong><\/p>\n<p><a href=\"http:\/\/www.senscrea.com\/wp-content\/uploads\/2015\/02\/nanap1-e1454727486809.jpg\" rel=\"attachment wp-att-322\"><img loading=\"lazy\" decoding=\"async\" class=\"wp-image-322 size-thumbnail alignleft\" src=\"http:\/\/www.senscrea.com\/wp-content\/uploads\/2015\/02\/nanap1-e1454727486809-150x150.jpg\" alt=\"\" width=\"150\" height=\"150\" \/><\/a><a href=\"http:\/\/www.senscrea.com\/wp-content\/uploads\/2015\/02\/20141119_101457-copy-e1425503433476.jpg\" rel=\"attachment wp-att-320\"><img loading=\"lazy\" decoding=\"async\" class=\"size-medium wp-image-320 alignleft\" src=\"http:\/\/www.senscrea.com\/wp-content\/uploads\/2015\/02\/20141119_101457-copy-e1425503433476-169x300.jpg\" alt=\"20141119_101457 (copy)\" width=\"169\" height=\"300\" srcset=\"https:\/\/www.senscrea.com\/wp-content\/uploads\/2015\/02\/20141119_101457-copy-e1425503433476-169x300.jpg 169w, https:\/\/www.senscrea.com\/wp-content\/uploads\/2015\/02\/20141119_101457-copy-e1425503433476-576x1024.jpg 576w\" sizes=\"auto, (max-width: 169px) 100vw, 169px\" \/><\/a><\/p>\n<p>Mat\u00e9riaux recycl\u00e9s, finition bandes de pl\u00e2tres, encre, acryliques et vernis<\/p>\n<p>Nana, couleurs africaines<\/p>\n<p>&nbsp;<\/p>\n<p>&nbsp;<\/p>\n<p><a href=\"http:\/\/www.senscrea.com\/wp-content\/uploads\/2015\/02\/nanap5-e1454728059594.jpg\" rel=\"attachment wp-att-321\"><img loading=\"lazy\" decoding=\"async\" class=\"alignnone wp-image-321 size-thumbnail\" src=\"http:\/\/www.senscrea.com\/wp-content\/uploads\/2015\/02\/nanap5-e1454728059594-150x150.jpg\" alt=\"\" width=\"150\" height=\"150\" \/><\/a><\/p>\n<p><a href=\"http:\/\/www.senscrea.com\/wp-content\/uploads\/2015\/02\/20141201_143538-e1425146947433.jpg\"><img loading=\"lazy\" decoding=\"async\" class=\" size-thumbnail wp-image-231 alignleft\" src=\"http:\/\/www.senscrea.com\/wp-content\/uploads\/2015\/02\/20141201_143538-e1425146947433-150x150.jpg\" alt=\"20141201_143538\" width=\"150\" height=\"150\" \/><\/a><\/p>\n<p>&nbsp;<\/p>\n<p>&nbsp;<\/p>\n<p>&nbsp;<\/p>\n<p>&nbsp;<\/p>\n<p>&nbsp;<\/p>\n<p>&nbsp;<\/p>\n<p>&nbsp;<\/p>\n<hr \/>\n<p><strong>TECHNIQUE DU PAPIER MACH\u00c9<\/strong><\/p>\n<p>&nbsp;<\/p>\n<p><strong>SCULPTURE NA\u00cfVE SUR LE TH\u00c8ME DE LA NATURE<\/strong><\/p>\n<p><span style=\"font-size: medium;\">Utiliser le croquis comme r\u00e9f\u00e9rence de travail cr\u00e9atif.<\/span><\/p>\n<p><span style=\"font-size: medium;\">Apprendre l\u00b4art du recyclage ou comment donner une seconde vie \u00e0 des objets.<\/span><\/p>\n<p><span style=\"font-size: medium;\">Approche de la technique de sculpture (montage d\u00b4un squelette, accumulation de papier m\u00e2ch\u00e9, appr\u00eat et finitions)<\/span><\/p>\n<div id=\"attachment_550\" style=\"width: 169px\" class=\"wp-caption alignleft\"><a href=\"http:\/\/www.senscrea.com\/wp-content\/uploads\/2015\/02\/20150414_150235-e1433875718229.jpg\"><img loading=\"lazy\" decoding=\"async\" aria-describedby=\"caption-attachment-550\" class=\"wp-image-550 size-medium\" src=\"http:\/\/www.senscrea.com\/wp-content\/uploads\/2015\/02\/20150414_150235-e1433875718229-169x300.jpg\" alt=\"20150414_150235\" width=\"169\" height=\"300\" srcset=\"https:\/\/www.senscrea.com\/wp-content\/uploads\/2015\/02\/20150414_150235-e1433875718229-169x300.jpg 169w, https:\/\/www.senscrea.com\/wp-content\/uploads\/2015\/02\/20150414_150235-e1433875718229-576x1024.jpg 576w, https:\/\/www.senscrea.com\/wp-content\/uploads\/2015\/02\/20150414_150235-e1433875718229.jpg 1836w\" sizes=\"auto, (max-width: 169px) 100vw, 169px\" \/><\/a><p id=\"caption-attachment-550\" class=\"wp-caption-text\">Sculpture en papier mach\u00e9, sur le th\u00e8me de l\u00b4amiti\u00e9 et de la nature<\/p><\/div>\n<p>&nbsp;<\/p>\n<p>&nbsp;<\/p>\n<p><a href=\"http:\/\/www.senscrea.com\/wp-content\/uploads\/2015\/02\/20150612_115855.jpg\" rel=\"attachment wp-att-814\"><img loading=\"lazy\" decoding=\"async\" class=\"alignnone size-medium wp-image-814\" src=\"http:\/\/www.senscrea.com\/wp-content\/uploads\/2015\/02\/20150612_115855-169x300.jpg\" alt=\"20150612_115855\" width=\"169\" height=\"300\" srcset=\"https:\/\/www.senscrea.com\/wp-content\/uploads\/2015\/02\/20150612_115855-169x300.jpg 169w, https:\/\/www.senscrea.com\/wp-content\/uploads\/2015\/02\/20150612_115855-768x1365.jpg 768w, https:\/\/www.senscrea.com\/wp-content\/uploads\/2015\/02\/20150612_115855-576x1024.jpg 576w, https:\/\/www.senscrea.com\/wp-content\/uploads\/2015\/02\/20150612_115855.jpg 1836w\" sizes=\"auto, (max-width: 169px) 100vw, 169px\" \/><\/a><\/p>\n<p>&nbsp;<\/p>\n<hr \/>\n<p>&nbsp;<\/p>\n<p>SCULPTURES NA\u00cfVE DE LA FEMME, PASTICHE DE L\u00b4OEUVRE DE NIKI DE PHALLE, les nanas<\/p>\n<p>1-Mat\u00e9riaux recycl\u00e9s, bandes de papiers m\u00e2ch\u00e9s, encre, acrylique et vernis<\/p>\n<p><a href=\"http:\/\/www.senscrea.com\/wp-content\/uploads\/2015\/02\/nanapm2-e1425502514287.jpg\"><img loading=\"lazy\" decoding=\"async\" class=\"alignnone size-thumbnail wp-image-230\" src=\"http:\/\/www.senscrea.com\/wp-content\/uploads\/2015\/02\/nanapm2-e1425502514287-150x150.jpg\" alt=\"nanapm2\" width=\"150\" height=\"150\" \/><\/a>\u00a0 <a href=\"http:\/\/www.senscrea.com\/wp-content\/uploads\/2015\/02\/20141125_163445.jpg\"><img loading=\"lazy\" decoding=\"async\" class=\"alignnone wp-image-229 size-thumbnail\" src=\"http:\/\/www.senscrea.com\/wp-content\/uploads\/2015\/02\/20141125_163445-e1425502723494-150x150.jpg\" alt=\"20141125_163445\" width=\"150\" height=\"150\" \/><\/a><a href=\"http:\/\/www.senscrea.com\/wp-content\/uploads\/2015\/02\/nanapm5.jpg\"><img loading=\"lazy\" decoding=\"async\" class=\"alignnone wp-image-227 size-thumbnail\" src=\"http:\/\/www.senscrea.com\/wp-content\/uploads\/2015\/02\/nanapm5-e1425502695460-150x150.jpg\" alt=\"nanapm5\" width=\"150\" height=\"150\" \/><\/a><a href=\"http:\/\/www.senscrea.com\/wp-content\/uploads\/2015\/02\/nanapm6-e1425502638312.jpg\"><img loading=\"lazy\" decoding=\"async\" class=\" size-thumbnail wp-image-317 alignleft\" src=\"http:\/\/www.senscrea.com\/wp-content\/uploads\/2015\/02\/nanapm6-e1425502638312-150x150.jpg\" alt=\"nanapm6\" width=\"150\" height=\"150\" \/><\/a><\/p>\n<p>Les couleurs toniques et lumineuses<\/p>\n<p>&nbsp;<\/p>\n<p>&nbsp;<\/p>\n<div id=\"attachment_459\" style=\"width: 169px\" class=\"wp-caption alignnone\"><a href=\"http:\/\/www.senscrea.com\/wp-content\/uploads\/2015\/02\/nana4.jpg\"><img loading=\"lazy\" decoding=\"async\" aria-describedby=\"caption-attachment-459\" class=\"wp-image-459 size-medium\" src=\"http:\/\/www.senscrea.com\/wp-content\/uploads\/2015\/02\/nana4-169x300.jpg\" alt=\"nana4\" width=\"169\" height=\"300\" srcset=\"https:\/\/www.senscrea.com\/wp-content\/uploads\/2015\/02\/nana4-169x300.jpg 169w, https:\/\/www.senscrea.com\/wp-content\/uploads\/2015\/02\/nana4.jpg 280w\" sizes=\"auto, (max-width: 169px) 100vw, 169px\" \/><\/a><p id=\"caption-attachment-459\" class=\"wp-caption-text\">Atelier sculpture \u00a8Les nanas\u00a8, CFSL 2015<\/p><\/div>\n<p>&nbsp;<\/p>\n<hr \/>\n<p>Totem : mat\u00e9riaux recycl\u00e9s, collage et peinture<\/p>\n<p><a href=\"http:\/\/www.senscrea.com\/wp-content\/uploads\/2015\/02\/Totem1.jpg\"><img loading=\"lazy\" decoding=\"async\" class=\"alignnone size-thumbnail wp-image-399\" src=\"http:\/\/www.senscrea.com\/wp-content\/uploads\/2015\/02\/Totem1-150x150.jpg\" alt=\"Totem1\" width=\"150\" height=\"150\" \/><\/a> <a href=\"http:\/\/www.senscrea.com\/wp-content\/uploads\/2015\/02\/totem4.jpg\"><img loading=\"lazy\" decoding=\"async\" class=\"alignnone size-thumbnail wp-image-397\" src=\"http:\/\/www.senscrea.com\/wp-content\/uploads\/2015\/02\/totem4-150x150.jpg\" alt=\"totem4\" width=\"150\" height=\"150\" \/><\/a> <a href=\"http:\/\/www.senscrea.com\/wp-content\/uploads\/2015\/02\/totem5.jpg\"><img loading=\"lazy\" decoding=\"async\" class=\"alignnone size-thumbnail wp-image-396\" src=\"http:\/\/www.senscrea.com\/wp-content\/uploads\/2015\/02\/totem5-150x150.jpg\" alt=\"totem5\" width=\"150\" height=\"150\" \/><\/a> <a href=\"http:\/\/www.senscrea.com\/wp-content\/uploads\/2015\/02\/Totem6.jpg\"><img loading=\"lazy\" decoding=\"async\" class=\"alignnone size-thumbnail wp-image-398\" src=\"http:\/\/www.senscrea.com\/wp-content\/uploads\/2015\/02\/Totem6-150x150.jpg\" alt=\"Totem6\" width=\"150\" height=\"150\" \/><\/a> <a href=\"http:\/\/www.senscrea.com\/wp-content\/uploads\/2015\/02\/totem7.jpg\"><img loading=\"lazy\" decoding=\"async\" class=\"alignnone size-thumbnail wp-image-395\" src=\"http:\/\/www.senscrea.com\/wp-content\/uploads\/2015\/02\/totem7-150x150.jpg\" alt=\"totem7\" width=\"150\" height=\"150\" \/><\/a> <a href=\"http:\/\/www.senscrea.com\/wp-content\/uploads\/2015\/02\/totem8.jpg\"><img loading=\"lazy\" decoding=\"async\" class=\"alignnone size-thumbnail wp-image-394\" src=\"http:\/\/www.senscrea.com\/wp-content\/uploads\/2015\/02\/totem8-150x150.jpg\" alt=\"totem8\" width=\"150\" height=\"150\" \/><\/a><\/p>\n<p><em>Totem, assemblage de boites en carton, technique papier m\u00e2ch\u00e9 et collage mixte sur le th\u00e8me des animaux ,<\/em><\/p>\n<p><em>collectif ALDI 2013<\/em><\/p>\n<hr \/>\n<p>BAS RELIEF<\/p>\n<div id=\"attachment_620\" style=\"width: 150px\" class=\"wp-caption alignleft\"><a href=\"http:\/\/www.senscrea.com\/wp-content\/uploads\/2015\/02\/20151119_150659-e1454614388255.jpg\" rel=\"attachment wp-att-620\"><img loading=\"lazy\" decoding=\"async\" aria-describedby=\"caption-attachment-620\" class=\"wp-image-620 size-thumbnail\" src=\"http:\/\/www.senscrea.com\/wp-content\/uploads\/2015\/02\/20151119_150659-e1454614388255-150x150.jpg\" alt=\"20151119_150659\" width=\"150\" height=\"150\" \/><\/a><p id=\"caption-attachment-620\" class=\"wp-caption-text\">\u00c9tape 3, bijou revisit\u00e9<\/p><\/div>\n<div id=\"attachment_619\" style=\"width: 150px\" class=\"wp-caption aligncenter\"><a href=\"http:\/\/www.senscrea.com\/wp-content\/uploads\/2015\/02\/20151119_150644-e1454614347496.jpg\" rel=\"attachment wp-att-619\"><img loading=\"lazy\" decoding=\"async\" aria-describedby=\"caption-attachment-619\" class=\"wp-image-619 size-thumbnail\" src=\"http:\/\/www.senscrea.com\/wp-content\/uploads\/2015\/02\/20151119_150644-e1454614347496-150x150.jpg\" alt=\"20151119_150644\" width=\"150\" height=\"150\" \/><\/a><p id=\"caption-attachment-619\" class=\"wp-caption-text\">Bijou revisit\u00e9, texturation<\/p><\/div>\n<p>&nbsp;<\/p>\n<div id=\"attachment_703\" style=\"width: 300px\" class=\"wp-caption alignnone\"><a href=\"http:\/\/www.senscrea.com\/wp-content\/uploads\/2016\/02\/20160204_121352.jpg\" rel=\"attachment wp-att-703\"><img loading=\"lazy\" decoding=\"async\" aria-describedby=\"caption-attachment-703\" class=\"wp-image-703 size-medium\" src=\"http:\/\/www.senscrea.com\/wp-content\/uploads\/2016\/02\/20160204_121352-300x169.jpg\" alt=\"\" width=\"300\" height=\"169\" srcset=\"https:\/\/www.senscrea.com\/wp-content\/uploads\/2016\/02\/20160204_121352-300x169.jpg 300w, https:\/\/www.senscrea.com\/wp-content\/uploads\/2016\/02\/20160204_121352-768x432.jpg 768w, https:\/\/www.senscrea.com\/wp-content\/uploads\/2016\/02\/20160204_121352-1024x576.jpg 1024w\" sizes=\"auto, (max-width: 300px) 100vw, 300px\" \/><\/a><p id=\"caption-attachment-703\" class=\"wp-caption-text\">D\u00e9tail, bas relief carton ondul\u00e9, aluminium<\/p><\/div>\n<div id=\"attachment_717\" style=\"width: 171px\" class=\"wp-caption alignnone\"><a href=\"http:\/\/www.senscrea.com\/wp-content\/uploads\/2015\/02\/renaissance-e1454614993729.jpg\" rel=\"attachment wp-att-717\"><img loading=\"lazy\" decoding=\"async\" aria-describedby=\"caption-attachment-717\" class=\"wp-image-717 size-medium\" src=\"http:\/\/www.senscrea.com\/wp-content\/uploads\/2015\/02\/renaissance-e1454614993729-171x300.jpg\" alt=\"renaissance\" width=\"171\" height=\"300\" srcset=\"https:\/\/www.senscrea.com\/wp-content\/uploads\/2015\/02\/renaissance-e1454614993729-171x300.jpg 171w, https:\/\/www.senscrea.com\/wp-content\/uploads\/2015\/02\/renaissance-e1454614993729-768x1345.jpg 768w, https:\/\/www.senscrea.com\/wp-content\/uploads\/2015\/02\/renaissance-e1454614993729-585x1024.jpg 585w, https:\/\/www.senscrea.com\/wp-content\/uploads\/2015\/02\/renaissance-e1454614993729.jpg 1359w\" sizes=\"auto, (max-width: 171px) 100vw, 171px\" \/><\/a><p id=\"caption-attachment-717\" class=\"wp-caption-text\">D\u00e9tail, arbre de vie, carton, p\u00e2te a papier et acrylique<\/p><\/div>\n<p><a href=\"http:\/\/www.senscrea.com\/wp-content\/uploads\/2015\/02\/projetbasrelief.jpg\" rel=\"attachment wp-att-225\"><img loading=\"lazy\" decoding=\"async\" class=\"size-medium wp-image-225 alignleft\" src=\"http:\/\/www.senscrea.com\/wp-content\/uploads\/2015\/02\/projetbasrelief-172x300.jpg\" alt=\"projetbasrelief\" width=\"172\" height=\"300\" srcset=\"https:\/\/www.senscrea.com\/wp-content\/uploads\/2015\/02\/projetbasrelief-172x300.jpg 172w, https:\/\/www.senscrea.com\/wp-content\/uploads\/2015\/02\/projetbasrelief-588x1024.jpg 588w, https:\/\/www.senscrea.com\/wp-content\/uploads\/2015\/02\/projetbasrelief.jpg 1694w\" sizes=\"auto, (max-width: 172px) 100vw, 172px\" \/><\/a> <a href=\"http:\/\/www.senscrea.com\/wp-content\/uploads\/2015\/02\/aldiarbrede-vie.jpg\" rel=\"attachment wp-att-44\"><img loading=\"lazy\" decoding=\"async\" class=\"alignnone size-medium wp-image-44\" src=\"http:\/\/www.senscrea.com\/wp-content\/uploads\/2015\/02\/aldiarbrede-vie-196x300.jpg\" alt=\"aldiarbrede vie\" width=\"196\" height=\"300\" srcset=\"https:\/\/www.senscrea.com\/wp-content\/uploads\/2015\/02\/aldiarbrede-vie-196x300.jpg 196w, https:\/\/www.senscrea.com\/wp-content\/uploads\/2015\/02\/aldiarbrede-vie-669x1024.jpg 669w, https:\/\/www.senscrea.com\/wp-content\/uploads\/2015\/02\/aldiarbrede-vie.jpg 1295w\" sizes=\"auto, (max-width: 196px) 100vw, 196px\" \/><\/a><\/p>\n<p>Bas relief, arbre de vie, ALDI<\/p>\n<p>&nbsp;<\/p>\n<hr \/>\n<p>&nbsp;<\/p>\n","protected":false},"excerpt":{"rendered":"<p>TECHNIQUE DES BANDES DE PL\u00c2TRES LES MAINS EXPRESSIVES Approche de la sculpture et des notions de bases de la couleur Exploration de la technique des m\u00e9langes de couleurs. Explorer la technique des bandes pl\u00e2tr\u00e9es Utiliser la main comme outil plastique \u00e0 travers un projet de groupe. Axe de D\u00e9veloppement : conscience de soi et de &hellip; <\/p>\n<p><a class=\"more-link btn\" href=\"https:\/\/www.senscrea.com\/?page_id=96\">Continue reading<\/a><\/p>\n","protected":false},"author":2,"featured_media":0,"parent":28,"menu_order":6,"comment_status":"open","ping_status":"open","template":"","meta":{"footnotes":""},"class_list":["post-96","page","type-page","status-publish","hentry","nodate","item-wrap"],"_links":{"self":[{"href":"https:\/\/www.senscrea.com\/index.php?rest_route=\/wp\/v2\/pages\/96","targetHints":{"allow":["GET"]}}],"collection":[{"href":"https:\/\/www.senscrea.com\/index.php?rest_route=\/wp\/v2\/pages"}],"about":[{"href":"https:\/\/www.senscrea.com\/index.php?rest_route=\/wp\/v2\/types\/page"}],"author":[{"embeddable":true,"href":"https:\/\/www.senscrea.com\/index.php?rest_route=\/wp\/v2\/users\/2"}],"replies":[{"embeddable":true,"href":"https:\/\/www.senscrea.com\/index.php?rest_route=%2Fwp%2Fv2%2Fcomments&post=96"}],"version-history":[{"count":63,"href":"https:\/\/www.senscrea.com\/index.php?rest_route=\/wp\/v2\/pages\/96\/revisions"}],"predecessor-version":[{"id":832,"href":"https:\/\/www.senscrea.com\/index.php?rest_route=\/wp\/v2\/pages\/96\/revisions\/832"}],"up":[{"embeddable":true,"href":"https:\/\/www.senscrea.com\/index.php?rest_route=\/wp\/v2\/pages\/28"}],"wp:attachment":[{"href":"https:\/\/www.senscrea.com\/index.php?rest_route=%2Fwp%2Fv2%2Fmedia&parent=96"}],"curies":[{"name":"wp","href":"https:\/\/api.w.org\/{rel}","templated":true}]}}