{"id":744,"date":"2016-02-05T14:06:03","date_gmt":"2016-02-05T19:06:03","guid":{"rendered":"http:\/\/www.senscrea.com\/?page_id=744"},"modified":"2016-11-12T14:32:55","modified_gmt":"2016-11-12T19:32:55","slug":"graffiti","status":"publish","type":"page","link":"https:\/\/www.senscrea.com\/?page_id=744","title":{"rendered":"GRAFFITIS"},"content":{"rendered":"<p>S\u00b4initier \u00e0 la <strong>technique du graffiti<\/strong> en s\u2019inspirant de <strong>l\u2019art urbain<\/strong> ou street art, d\u00e9velopper ses connaissances sur le\u00a0 respect des droits et responsabilit\u00e9s individuels et collectifs relatif aux m\u00e9dias\u00a0: propri\u00e9t\u00e9 intellectuelle, libert\u00e9 d\u2019expression, vie priv\u00e9e\u2026<\/p>\n<p>Utiliser l\u00b4ombre pour cr\u00e9er un effet 3D, associer des mots suivant nos int\u00e9r\u00eats ou le message \u00e0 diffuser, tracer des lignes continues, discontinues, cr\u00e9er une \u0152UVRE MOBILE COLLECTIVE&#8230;<\/p>\n<p><a href=\"http:\/\/www.senscrea.com\/wp-content\/uploads\/2015\/02\/20151002_122502.jpg\" rel=\"attachment wp-att-607\"><img loading=\"lazy\" decoding=\"async\" class=\"size-thumbnail wp-image-607 alignleft\" src=\"http:\/\/www.senscrea.com\/wp-content\/uploads\/2015\/02\/20151002_122502-150x150.jpg\" alt=\"20151002_122502\" width=\"150\" height=\"150\" \/><\/a> <a href=\"http:\/\/www.senscrea.com\/wp-content\/uploads\/2016\/02\/graf.jpg\" rel=\"attachment wp-att-669\"><img loading=\"lazy\" decoding=\"async\" class=\"size-thumbnail wp-image-669 alignleft\" src=\"http:\/\/www.senscrea.com\/wp-content\/uploads\/2016\/02\/graf-150x150.jpg\" alt=\"graf\" width=\"150\" height=\"150\" \/><\/a> <a href=\"http:\/\/www.senscrea.com\/wp-content\/uploads\/2015\/02\/20151117_103424.jpg\" rel=\"attachment wp-att-617\"><img loading=\"lazy\" decoding=\"async\" class=\"size-thumbnail wp-image-617 alignleft\" src=\"http:\/\/www.senscrea.com\/wp-content\/uploads\/2015\/02\/20151117_103424-150x150.jpg\" alt=\"20151117_103424\" width=\"150\" height=\"150\" \/><\/a><\/p>\n<p>&nbsp;<\/p>\n<p>&nbsp;<\/p>\n<p>&nbsp;<\/p>\n<p>&nbsp;<\/p>\n<p>&nbsp;<\/p>\n<p>&nbsp;<\/p>\n<p><a href=\"http:\/\/www.senscrea.com\/wp-content\/uploads\/2015\/02\/realisationcfsl21-e1425481823500.jpg\" rel=\"attachment wp-att-278\"><img loading=\"lazy\" decoding=\"async\" class=\"alignnone size-thumbnail wp-image-278\" src=\"http:\/\/www.senscrea.com\/wp-content\/uploads\/2015\/02\/realisationcfsl21-e1425481823500-150x150.jpg\" alt=\"realisationcfsl2\" width=\"150\" height=\"150\" \/><\/a> <a href=\"http:\/\/www.senscrea.com\/wp-content\/uploads\/2015\/02\/2014-11-30-16.28.07.jpg\" rel=\"attachment wp-att-279\"><img loading=\"lazy\" decoding=\"async\" class=\"alignnone size-thumbnail wp-image-279\" src=\"http:\/\/www.senscrea.com\/wp-content\/uploads\/2015\/02\/2014-11-30-16.28.07-150x150.jpg\" alt=\"2014-11-30 16.28.07\" width=\"150\" height=\"150\" \/><\/a> <a href=\"http:\/\/www.senscrea.com\/wp-content\/uploads\/2015\/02\/graffiti.jpg\" rel=\"attachment wp-att-226\"><img loading=\"lazy\" decoding=\"async\" class=\"alignnone size-thumbnail wp-image-226\" src=\"http:\/\/www.senscrea.com\/wp-content\/uploads\/2015\/02\/graffiti-150x150.jpg\" alt=\"graffiti\" width=\"150\" height=\"150\" \/>\u00a0\u00a0\u00a0\u00a0\u00a0\u00a0\u00a0\u00a0\u00a0\u00a0\u00a0\u00a0\u00a0\u00a0\u00a0\u00a0\u00a0 <\/a><\/p>\n","protected":false},"excerpt":{"rendered":"<p>S\u00b4initier \u00e0 la technique du graffiti en s\u2019inspirant de l\u2019art urbain ou street art, d\u00e9velopper ses connaissances sur le\u00a0 respect des droits et responsabilit\u00e9s individuels et collectifs relatif aux m\u00e9dias\u00a0: propri\u00e9t\u00e9 intellectuelle, libert\u00e9 d\u2019expression, vie priv\u00e9e\u2026 Utiliser l\u00b4ombre pour cr\u00e9er un effet 3D, associer des mots suivant nos int\u00e9r\u00eats ou le message \u00e0 diffuser, tracer &hellip; <\/p>\n<p><a class=\"more-link btn\" href=\"https:\/\/www.senscrea.com\/?page_id=744\">Continue reading<\/a><\/p>\n","protected":false},"author":2,"featured_media":575,"parent":0,"menu_order":0,"comment_status":"closed","ping_status":"closed","template":"","meta":{"footnotes":""},"class_list":["post-744","page","type-page","status-publish","has-post-thumbnail","hentry","nodate","item-wrap"],"_links":{"self":[{"href":"https:\/\/www.senscrea.com\/index.php?rest_route=\/wp\/v2\/pages\/744","targetHints":{"allow":["GET"]}}],"collection":[{"href":"https:\/\/www.senscrea.com\/index.php?rest_route=\/wp\/v2\/pages"}],"about":[{"href":"https:\/\/www.senscrea.com\/index.php?rest_route=\/wp\/v2\/types\/page"}],"author":[{"embeddable":true,"href":"https:\/\/www.senscrea.com\/index.php?rest_route=\/wp\/v2\/users\/2"}],"replies":[{"embeddable":true,"href":"https:\/\/www.senscrea.com\/index.php?rest_route=%2Fwp%2Fv2%2Fcomments&post=744"}],"version-history":[{"count":9,"href":"https:\/\/www.senscrea.com\/index.php?rest_route=\/wp\/v2\/pages\/744\/revisions"}],"predecessor-version":[{"id":773,"href":"https:\/\/www.senscrea.com\/index.php?rest_route=\/wp\/v2\/pages\/744\/revisions\/773"}],"wp:featuredmedia":[{"embeddable":true,"href":"https:\/\/www.senscrea.com\/index.php?rest_route=\/wp\/v2\/media\/575"}],"wp:attachment":[{"href":"https:\/\/www.senscrea.com\/index.php?rest_route=%2Fwp%2Fv2%2Fmedia&parent=744"}],"curies":[{"name":"wp","href":"https:\/\/api.w.org\/{rel}","templated":true}]}}