{"id":94,"date":"2015-02-21T11:09:05","date_gmt":"2015-02-21T16:09:05","guid":{"rendered":"http:\/\/www.senscrea.com\/?page_id=94"},"modified":"2016-11-12T14:48:53","modified_gmt":"2016-11-12T19:48:53","slug":"bas-relief","status":"publish","type":"page","link":"http:\/\/www.senscrea.com\/?page_id=94","title":{"rendered":"Bas-reliefs"},"content":{"rendered":"<p><a href=\"http:\/\/www.senscrea.com\/wp-content\/uploads\/2015\/02\/DSC01016.jpg\"><img loading=\"lazy\" decoding=\"async\" class=\"size-medium wp-image-414 alignleft\" src=\"http:\/\/www.senscrea.com\/wp-content\/uploads\/2015\/02\/DSC01016-300x169.jpg\" alt=\"DSC01016\" width=\"300\" height=\"169\" srcset=\"http:\/\/www.senscrea.com\/wp-content\/uploads\/2015\/02\/DSC01016-300x169.jpg 300w, http:\/\/www.senscrea.com\/wp-content\/uploads\/2015\/02\/DSC01016-1024x576.jpg 1024w\" sizes=\"auto, (max-width: 300px) 100vw, 300px\" \/><\/a><\/p>\n<div id=\"attachment_415\" style=\"width: 300px\" class=\"wp-caption alignleft\"><a href=\"http:\/\/www.senscrea.com\/wp-content\/uploads\/2015\/02\/DSC01015.jpg\"><img loading=\"lazy\" decoding=\"async\" aria-describedby=\"caption-attachment-415\" class=\"size-medium wp-image-415\" src=\"http:\/\/www.senscrea.com\/wp-content\/uploads\/2015\/02\/DSC01015-300x169.jpg\" alt=\"Texturation papier mach\u00e9\" width=\"300\" height=\"169\" srcset=\"http:\/\/www.senscrea.com\/wp-content\/uploads\/2015\/02\/DSC01015-300x169.jpg 300w, http:\/\/www.senscrea.com\/wp-content\/uploads\/2015\/02\/DSC01015-1024x576.jpg 1024w\" sizes=\"auto, (max-width: 300px) 100vw, 300px\" \/><\/a><p id=\"caption-attachment-415\" class=\"wp-caption-text\">Texturation papier mach\u00e9<\/p><\/div>\n<p>Technique du papier mach\u00e9, collage de divers mat\u00e9riaux recycl\u00e9s, peintures acryliques<\/p>\n<p><a href=\"http:\/\/www.senscrea.com\/wp-content\/uploads\/2015\/02\/renaissance-e1454614993729.jpg\" rel=\"attachment wp-att-717\"><img loading=\"lazy\" decoding=\"async\" class=\"alignnone wp-image-717 size-thumbnail\" src=\"http:\/\/www.senscrea.com\/wp-content\/uploads\/2015\/02\/renaissance-e1454614993729-150x150.jpg\" alt=\"\" width=\"150\" height=\"150\" \/><\/a><a href=\"http:\/\/www.senscrea.com\/wp-content\/uploads\/2016\/02\/cropped-20160204_121352-2.jpg\"><img loading=\"lazy\" decoding=\"async\" class=\"size-medium wp-image-896 alignleft\" src=\"http:\/\/www.senscrea.com\/wp-content\/uploads\/2016\/02\/cropped-20160204_121352-2-300x300.jpg\" alt=\"cropped-20160204_121352-2.jpg\" width=\"300\" height=\"300\" srcset=\"http:\/\/www.senscrea.com\/wp-content\/uploads\/2016\/02\/cropped-20160204_121352-2-300x300.jpg 300w, http:\/\/www.senscrea.com\/wp-content\/uploads\/2016\/02\/cropped-20160204_121352-2-150x150.jpg 150w, http:\/\/www.senscrea.com\/wp-content\/uploads\/2016\/02\/cropped-20160204_121352-2-270x270.jpg 270w, http:\/\/www.senscrea.com\/wp-content\/uploads\/2016\/02\/cropped-20160204_121352-2-192x192.jpg 192w, http:\/\/www.senscrea.com\/wp-content\/uploads\/2016\/02\/cropped-20160204_121352-2-180x180.jpg 180w, http:\/\/www.senscrea.com\/wp-content\/uploads\/2016\/02\/cropped-20160204_121352-2-32x32.jpg 32w, http:\/\/www.senscrea.com\/wp-content\/uploads\/2016\/02\/cropped-20160204_121352-2.jpg 512w\" sizes=\"auto, (max-width: 300px) 100vw, 300px\" \/><\/a><a href=\"http:\/\/www.senscrea.com\/wp-content\/uploads\/2015\/02\/DSC02115.jpg\"><img loading=\"lazy\" decoding=\"async\" class=\"size-medium wp-image-32 alignleft\" src=\"http:\/\/www.senscrea.com\/wp-content\/uploads\/2015\/02\/DSC02115-300x225.jpg\" alt=\"DSC02115\" width=\"300\" height=\"225\" srcset=\"http:\/\/www.senscrea.com\/wp-content\/uploads\/2015\/02\/DSC02115-300x225.jpg 300w, http:\/\/www.senscrea.com\/wp-content\/uploads\/2015\/02\/DSC02115-1024x768.jpg 1024w\" sizes=\"auto, (max-width: 300px) 100vw, 300px\" \/><\/a><\/p>\n<div id=\"attachment_31\" style=\"width: 300px\" class=\"wp-caption alignleft\"><a href=\"http:\/\/www.senscrea.com\/wp-content\/uploads\/2015\/02\/DSC02116.jpg\"><img loading=\"lazy\" decoding=\"async\" aria-describedby=\"caption-attachment-31\" class=\"size-medium wp-image-31\" src=\"http:\/\/www.senscrea.com\/wp-content\/uploads\/2015\/02\/DSC02116-300x225.jpg\" alt=\"bas relief, objets recycl\u00e9s\" width=\"300\" height=\"225\" srcset=\"http:\/\/www.senscrea.com\/wp-content\/uploads\/2015\/02\/DSC02116-300x225.jpg 300w, http:\/\/www.senscrea.com\/wp-content\/uploads\/2015\/02\/DSC02116-1024x768.jpg 1024w\" sizes=\"auto, (max-width: 300px) 100vw, 300px\" \/><\/a><p id=\"caption-attachment-31\" class=\"wp-caption-text\">bas relief, objets recycl\u00e9s<\/p><\/div>\n<p><a href=\"http:\/\/www.senscrea.com\/wp-content\/uploads\/2016\/02\/20160204_121352.jpg\" rel=\"attachment wp-att-703\"><img loading=\"lazy\" decoding=\"async\" class=\"alignnone wp-image-703 size-thumbnail\" src=\"http:\/\/www.senscrea.com\/wp-content\/uploads\/2016\/02\/20160204_121352-150x150.jpg\" alt=\"\" width=\"150\" height=\"150\" \/><\/a><\/p>\n<p>&nbsp;<\/p>\n<p>&nbsp;<\/p>\n<p>&nbsp;<\/p>\n<p>&nbsp;<\/p>\n<p>&nbsp;<\/p>\n<p>&nbsp;<\/p>\n<p>&nbsp;<\/p>\n<p>&nbsp;<\/p>\n<p>&nbsp;<\/p>\n<p>&nbsp;<\/p>\n<p>&nbsp;<\/p>\n<p>&nbsp;<\/p>\n<p>&nbsp;<\/p>\n<p>&nbsp;<\/p>\n<p>&nbsp;<\/p>\n<p>&nbsp;<\/p>\n<p>&nbsp;<\/p>\n<p>&nbsp;<\/p>\n<p>&nbsp;<\/p>\n<p>&nbsp;<\/p>\n<p>&nbsp;<\/p>\n<p>&nbsp;<\/p>\n<p>&nbsp;<\/p>\n<p>&nbsp;<\/p>\n<p>&nbsp;<\/p>\n<p>&nbsp;<\/p>\n<p>&nbsp;<\/p>\n<p>&nbsp;<\/p>\n<p>&nbsp;<\/p>\n<p>&nbsp;<\/p>\n<p>&nbsp;<\/p>\n<p>&nbsp;<\/p>\n<hr \/>\n<div id=\"attachment_620\" style=\"width: 150px\" class=\"wp-caption alignleft\"><a href=\"http:\/\/www.senscrea.com\/wp-content\/uploads\/2015\/02\/20151119_150659-e1454614388255.jpg\" rel=\"attachment wp-att-620\"><img loading=\"lazy\" decoding=\"async\" aria-describedby=\"caption-attachment-620\" class=\"wp-image-620 size-thumbnail\" src=\"http:\/\/www.senscrea.com\/wp-content\/uploads\/2015\/02\/20151119_150659-e1454614388255-150x150.jpg\" width=\"150\" height=\"150\" \/><\/a><p id=\"caption-attachment-620\" class=\"wp-caption-text\">P\u00e2te \u00e0 papier, bijou mural avant s\u00e9chage<\/p><\/div>\n<p>&nbsp;<\/p>\n<p>&nbsp;<\/p>\n<p>&nbsp;<\/p>\n<p>&nbsp;<\/p>\n<p>&nbsp;<\/p>\n<p>&nbsp;<\/p>\n<p>&nbsp;<\/p>\n<p>&nbsp;<\/p>\n<p>&nbsp;<\/p>\n<hr \/>\n<p><a href=\"http:\/\/www.senscrea.com\/wp-content\/uploads\/2015\/02\/aldiarbrede-vie1.jpg\"><img loading=\"lazy\" decoding=\"async\" class=\"size-thumbnail wp-image-412 alignleft\" src=\"http:\/\/www.senscrea.com\/wp-content\/uploads\/2015\/02\/aldiarbrede-vie1-150x150.jpg\" alt=\"aldiarbrede vie\" width=\"150\" height=\"150\" \/><\/a><\/p>\n<p style=\"text-align: left;\"><em>\u00a0<\/em><\/p>\n<p style=\"text-align: left;\">Arbre de vie, recherche conceptuelles : th\u00e8me et composition<\/p>\n<p style=\"text-align: left;\"><em>\u00a0<\/em><\/p>\n","protected":false},"excerpt":{"rendered":"<p>Technique du papier mach\u00e9, collage de divers mat\u00e9riaux recycl\u00e9s, peintures acryliques &nbsp; &nbsp; &nbsp; &nbsp; &nbsp; &nbsp; &nbsp; &nbsp; &nbsp; &nbsp; &nbsp; &nbsp; &nbsp; &nbsp; &nbsp; &nbsp; &nbsp; &nbsp; &nbsp; &nbsp; &nbsp; &nbsp; &nbsp; &nbsp; &nbsp; &nbsp; &nbsp; &nbsp; &nbsp; &nbsp; &nbsp; &nbsp; &nbsp; &nbsp; &nbsp; &nbsp; &nbsp; &nbsp; &nbsp; &nbsp; &nbsp; \u00a0 Arbre de &hellip; <\/p>\n<p><a class=\"more-link btn\" href=\"http:\/\/www.senscrea.com\/?page_id=94\">Continue reading<\/a><\/p>\n","protected":false},"author":2,"featured_media":735,"parent":28,"menu_order":5,"comment_status":"open","ping_status":"open","template":"","meta":{"footnotes":""},"class_list":["post-94","page","type-page","status-publish","has-post-thumbnail","hentry","nodate","item-wrap"],"_links":{"self":[{"href":"http:\/\/www.senscrea.com\/index.php?rest_route=\/wp\/v2\/pages\/94","targetHints":{"allow":["GET"]}}],"collection":[{"href":"http:\/\/www.senscrea.com\/index.php?rest_route=\/wp\/v2\/pages"}],"about":[{"href":"http:\/\/www.senscrea.com\/index.php?rest_route=\/wp\/v2\/types\/page"}],"author":[{"embeddable":true,"href":"http:\/\/www.senscrea.com\/index.php?rest_route=\/wp\/v2\/users\/2"}],"replies":[{"embeddable":true,"href":"http:\/\/www.senscrea.com\/index.php?rest_route=%2Fwp%2Fv2%2Fcomments&post=94"}],"version-history":[{"count":22,"href":"http:\/\/www.senscrea.com\/index.php?rest_route=\/wp\/v2\/pages\/94\/revisions"}],"predecessor-version":[{"id":908,"href":"http:\/\/www.senscrea.com\/index.php?rest_route=\/wp\/v2\/pages\/94\/revisions\/908"}],"up":[{"embeddable":true,"href":"http:\/\/www.senscrea.com\/index.php?rest_route=\/wp\/v2\/pages\/28"}],"wp:featuredmedia":[{"embeddable":true,"href":"http:\/\/www.senscrea.com\/index.php?rest_route=\/wp\/v2\/media\/735"}],"wp:attachment":[{"href":"http:\/\/www.senscrea.com\/index.php?rest_route=%2Fwp%2Fv2%2Fmedia&parent=94"}],"curies":[{"name":"wp","href":"https:\/\/api.w.org\/{rel}","templated":true}]}}