{"id":768,"date":"2016-02-05T14:28:43","date_gmt":"2016-02-05T19:28:43","guid":{"rendered":"http:\/\/www.senscrea.com\/?page_id=768"},"modified":"2016-11-12T14:35:24","modified_gmt":"2016-11-12T19:35:24","slug":"pastels","status":"publish","type":"page","link":"http:\/\/www.senscrea.com\/?page_id=768","title":{"rendered":"Pastel"},"content":{"rendered":"<p class=\"western\" lang=\"fr-CA\">CARTOGRAVURE<\/p>\n<p class=\"western\" lang=\"fr-CA\">R\u00e9alisations de gravure sur empatement et l\u2019abstraction, les participants seront amen\u00e9s \u00e0 explorer et r\u00e9aliser une cr\u00e9ation plastique personnelle en exploitant des id\u00e9es imaginaires tout en utilisant une technique avec des gestes transformateurs (gravure) pour former un langage plastique original et contrast\u00e9. Cr\u00e9ation de l\u2019emp\u00e2tement, choix d\u2019outils divers&#8230;<\/p>\n<p class=\"western\" lang=\"fr-CA\"><a href=\"http:\/\/www.senscrea.com\/wp-content\/uploads\/2015\/02\/20150615_095320.jpg\" rel=\"attachment wp-att-598\"><img loading=\"lazy\" decoding=\"async\" class=\"size-thumbnail wp-image-598 alignnone\" src=\"http:\/\/www.senscrea.com\/wp-content\/uploads\/2015\/02\/20150615_095320-150x150.jpg\" alt=\"20150615_095320\" width=\"150\" height=\"150\" \/><\/a><\/p>\n<hr \/>\n<p><span style=\"font-size: medium;\"><strong>PASTELS GRAS ET SECS<\/strong><\/span><\/p>\n<p><span style=\"font-size: medium;\">Observer, analyser une oeuvre de<strong> Paul Klee<\/strong><strong>.<\/strong><\/span><\/p>\n<p><span style=\"font-size: medium;\">Retranscrire l\u00b4atmosph\u00e8re d\u00b4un tableau : repr\u00e9sentation de la relation de l\u2019espace et du temps reposant sur des rythmes r\u00e9p\u00e9titifs de lignes et de couleurs (analogie \u00e0 la musique)<\/span><\/p>\n<p><span style=\"font-size: medium;\">Exp\u00e9rimentation du pastel, fusion des couleurs<\/span><\/p>\n<p><span style=\"font-size: medium;\">Utiliser le graphisme dans la composition<\/span><\/p>\n<p><b><span style=\"font-size: medium;\">C<\/span><span style=\"font-size: medium;\">ompos<\/span><span style=\"font-size: medium;\">er<\/span> <span style=\"font-size: medium;\">un dessin aux pastels selon <\/span><span style=\"font-size: medium;\">une structure \u00e9l\u00e9mentaire reposant sur des rythmes r\u00e9p\u00e9titifs <\/span><span style=\"font-size: medium;\">de lignes verticales et horizontales en associant des \u00e9l\u00e9ments de la nature<\/span><\/b><\/p>\n<p><a href=\"http:\/\/www.senscrea.com\/wp-content\/uploads\/2015\/02\/20150409_132533-e1454531213828.jpg\" rel=\"attachment wp-att-634\"><img loading=\"lazy\" decoding=\"async\" class=\"alignnone size-thumbnail wp-image-634\" src=\"http:\/\/www.senscrea.com\/wp-content\/uploads\/2015\/02\/20150409_132533-e1454531213828-150x150.jpg\" alt=\"20150409_132533\" width=\"150\" height=\"150\" \/><\/a> <a href=\"http:\/\/www.senscrea.com\/wp-content\/uploads\/2015\/02\/20150409_132320.jpg\" rel=\"attachment wp-att-633\"><img loading=\"lazy\" decoding=\"async\" class=\"alignnone size-thumbnail wp-image-633\" src=\"http:\/\/www.senscrea.com\/wp-content\/uploads\/2015\/02\/20150409_132320-150x150.jpg\" alt=\"20150409_132320\" width=\"150\" height=\"150\" \/><\/a> <a href=\"http:\/\/www.senscrea.com\/wp-content\/uploads\/2015\/02\/20150409_143553.jpg\" rel=\"attachment wp-att-635\"><img loading=\"lazy\" decoding=\"async\" class=\"alignnone wp-image-635 size-thumbnail\" src=\"http:\/\/www.senscrea.com\/wp-content\/uploads\/2015\/02\/20150409_143553-e1454704052853-150x150.jpg\" alt=\"20150409_143553\" width=\"150\" height=\"150\" \/><\/a><\/p>\n<p>&nbsp;<\/p>\n","protected":false},"excerpt":{"rendered":"<p>CARTOGRAVURE R\u00e9alisations de gravure sur empatement et l\u2019abstraction, les participants seront amen\u00e9s \u00e0 explorer et r\u00e9aliser une cr\u00e9ation plastique personnelle en exploitant des id\u00e9es imaginaires tout en utilisant une technique avec des gestes transformateurs (gravure) pour former un langage plastique original et contrast\u00e9. Cr\u00e9ation de l\u2019emp\u00e2tement, choix d\u2019outils divers&#8230; PASTELS GRAS ET SECS Observer, analyser &hellip; <\/p>\n<p><a class=\"more-link btn\" href=\"http:\/\/www.senscrea.com\/?page_id=768\">Continue reading<\/a><\/p>\n","protected":false},"author":2,"featured_media":254,"parent":0,"menu_order":0,"comment_status":"closed","ping_status":"closed","template":"","meta":{"footnotes":""},"class_list":["post-768","page","type-page","status-publish","has-post-thumbnail","hentry","nodate","item-wrap"],"_links":{"self":[{"href":"http:\/\/www.senscrea.com\/index.php?rest_route=\/wp\/v2\/pages\/768","targetHints":{"allow":["GET"]}}],"collection":[{"href":"http:\/\/www.senscrea.com\/index.php?rest_route=\/wp\/v2\/pages"}],"about":[{"href":"http:\/\/www.senscrea.com\/index.php?rest_route=\/wp\/v2\/types\/page"}],"author":[{"embeddable":true,"href":"http:\/\/www.senscrea.com\/index.php?rest_route=\/wp\/v2\/users\/2"}],"replies":[{"embeddable":true,"href":"http:\/\/www.senscrea.com\/index.php?rest_route=%2Fwp%2Fv2%2Fcomments&post=768"}],"version-history":[{"count":10,"href":"http:\/\/www.senscrea.com\/index.php?rest_route=\/wp\/v2\/pages\/768\/revisions"}],"predecessor-version":[{"id":799,"href":"http:\/\/www.senscrea.com\/index.php?rest_route=\/wp\/v2\/pages\/768\/revisions\/799"}],"wp:featuredmedia":[{"embeddable":true,"href":"http:\/\/www.senscrea.com\/index.php?rest_route=\/wp\/v2\/media\/254"}],"wp:attachment":[{"href":"http:\/\/www.senscrea.com\/index.php?rest_route=%2Fwp%2Fv2%2Fmedia&parent=768"}],"curies":[{"name":"wp","href":"https:\/\/api.w.org\/{rel}","templated":true}]}}